{"id":434,"date":"2022-06-20T10:45:26","date_gmt":"2022-06-20T15:45:26","guid":{"rendered":"http:\/\/insurewithabc.three.zysites.com\/about-us\/"},"modified":"2023-10-31T10:03:16","modified_gmt":"2023-10-31T15:03:16","slug":"about-us","status":"publish","type":"page","link":"https:\/\/www.insurewithabc.com\/es\/about-us\/","title":{"rendered":"Acerca de nosotros"},"content":{"rendered":"<div class=\"row\">\n<div class=\"col-12 col-md-4 text-center\"><img loading=\"lazy\" decoding=\"async\" class=\"alignnone size-full wp-image-416 mb-5\" src=\"\/wp-content\/uploads\/sites\/170\/2023\/10\/steve-baquet.jpg\" alt=\"Steve Baquet\" width=\"427\" height=\"640\" \/><\/div>\n<div class=\"col-12 col-md-8\">\n<h2>Steve Baquet &#8211; Presidente<\/h2>\n<p>ABC Insurance y nuestra familia de empresas han estado en el negocio desde 1998 prestando servicios en el \u00e1rea de Tucson y el sur de Arizona desde dos ubicaciones: 1. North Central junto a la i-10 en Grant Road; 2. Al suroeste de la i-10 en Irvington. Nuestro personal y administraci\u00f3n totalmente biling\u00fces se especializan en ofrecer un servicio al cliente superior tanto personalmente como a trav\u00e9s de Internet con una base de clientes en expansi\u00f3n de 15,000 hogares.<\/p>\n<p>ABC Insurance \u2013 A Baquet Company dispone de un seguro para todos con las mejores compa\u00f1\u00edas al menor coste para el cliente. Tenemos servicios para propietarios de viviendas, inquilinos, autom\u00f3viles, comerciales, de vida y salud, accidentes; todo, incluso la contabilidad del impuesto sobre la renta, servicios de t\u00edtulos de autom\u00f3viles, bonos y servicios notariales.<\/p>\n<p>Habi\u00e9ndose jubilado anticipadamente despu\u00e9s de una exitosa carrera de 21 a\u00f1os en alta direcci\u00f3n en una empresa Fortune 500;<\/p>\n<p>Steve Baquet ampli\u00f3 su cartera profesional iniciando desde cero una corredur\u00eda de seguros independiente valorada en 10 millones de d\u00f3lares. Su empresa posee y opera dos importantes establecimientos minoristas en Tucson, Arizona, y cuenta con m\u00e1s de 15.000 clientes.<\/p>\n<p>Adem\u00e1s de supervisar las operaciones comerciales de seguros, Steve gestiona las compras y el arrendamiento de Baquet Properties, LLC. Emprendimientos inmobiliarios comerciales. Ha realizado una labor monumental en consultor\u00eda para organizaciones locales, nacionales e internacionales. Siempre superando sus objetivos para beneficiar a quienes lo rodean. Sus logros muestran una visi\u00f3n para aprovechar muchas tendencias de la industria. \u201cMe destaco en la organizaci\u00f3n de personas y recursos en entornos exigentes\u201d.<\/p>\n<p>-Steve Baquet<\/p>\n<\/div>\n<\/div>\n","protected":false},"excerpt":{"rendered":"<p>Steve Baquet &#8211; Presidente ABC Insurance y nuestra familia de empresas han estado en el negocio desde 1998 prestando servicios en el \u00e1rea de Tucson y el sur de Arizona desde dos ubicaciones: 1. North Central junto a la i-10 en Grant Road; 2. Al suroeste de la i-10 en Irvington. Nuestro personal y administraci\u00f3n [&hellip;]<\/p>\n","protected":false},"author":35,"featured_media":0,"parent":0,"menu_order":0,"comment_status":"closed","ping_status":"closed","template":"","meta":{"_acf_changed":false,"_seopress_robots_primary_cat":"0","_seopress_titles_title":"","_seopress_titles_desc":"","_seopress_robots_index":"","_analytify_skip_tracking":false,"footnotes":""},"class_list":["post-434","page","type-page","status-publish","hentry"],"acf":[],"_links":{"self":[{"href":"https:\/\/www.insurewithabc.com\/es\/wp-json\/wp\/v2\/pages\/434","targetHints":{"allow":["GET"]}}],"collection":[{"href":"https:\/\/www.insurewithabc.com\/es\/wp-json\/wp\/v2\/pages"}],"about":[{"href":"https:\/\/www.insurewithabc.com\/es\/wp-json\/wp\/v2\/types\/page"}],"author":[{"embeddable":true,"href":"https:\/\/www.insurewithabc.com\/es\/wp-json\/wp\/v2\/users\/35"}],"replies":[{"embeddable":true,"href":"https:\/\/www.insurewithabc.com\/es\/wp-json\/wp\/v2\/comments?post=434"}],"version-history":[{"count":0,"href":"https:\/\/www.insurewithabc.com\/es\/wp-json\/wp\/v2\/pages\/434\/revisions"}],"wp:attachment":[{"href":"https:\/\/www.insurewithabc.com\/es\/wp-json\/wp\/v2\/media?parent=434"}],"curies":[{"name":"wp","href":"https:\/\/api.w.org\/{rel}","templated":true}]}}